{"id":22347,"date":"2024-12-06T15:07:31","date_gmt":"2024-12-06T15:07:31","guid":{"rendered":"https:\/\/tantemani.it\/negozio\/?post_type=product&#038;p=22347"},"modified":"2025-12-17T16:17:03","modified_gmt":"2025-12-17T16:17:03","slug":"felpa-moka","status":"publish","type":"product","link":"https:\/\/tantemani.it\/negozio\/prodotto\/felpa-moka\/","title":{"rendered":"Felpa MOKA"},"content":{"rendered":"<pre style=\"color: #aaaaaa; font-style: normal;\"><big><span style=\"color: #000000;\"><span style=\"font-family: Roboto, RobotoDraft, Helvetica, Arial, sans-serif; font-size: 13px; white-space: pre-wrap; background-color: #ffffff;\">Felpa - 80% Cotone pettinato   20% Poliestere <\/span><\/span><\/big><\/pre>\n<h3 style=\"color: #aaa; font-style: italic;\"><img style=\"font-family: Roboto, Arial; font-size: 10pt; width: 207px; height: 75px;\" src=\"https:\/\/tantemani.it\/wp-content\/uploads\/2020\/06\/peta-vegan.png\" alt=\"\" \/><\/h3>\n","protected":false},"excerpt":{"rendered":"<p><em>&#8220;Il caff\u00e8 \u00e8 l&#8217;oro dell&#8217;uomo comune, e come l&#8217;oro, porta a ogni persona la sensazione di lusso e nobilt\u00e0&#8221;<\/em><br \/>\n&#8211; Sheik Abd al Kadir, \u201cIl Libro del Caff\u00e8\u201d XVII secolo<\/p>\n<p class=\"p1\">Felpa nera con cappuccio e tasca centrale con disegno grafico di MOKA realizzato da Laboratorio Tantemani.<\/p>\n<p class=\"p2\"><span class=\"s2\">Serigrafia artigianale, due colori, con inchiostri all&#8217;acqua.<\/span><\/p>\n","protected":false},"featured_media":22351,"template":"","meta":{"spay_email":""},"product_cat":[118,170],"product_tag":[120,90,166,92,93],"bundle_layout":"","bundled_by":[],"bundled_items":[],"_links":{"self":[{"href":"https:\/\/tantemani.it\/negozio\/wp-json\/wp\/v2\/product\/22347"}],"collection":[{"href":"https:\/\/tantemani.it\/negozio\/wp-json\/wp\/v2\/product"}],"about":[{"href":"https:\/\/tantemani.it\/negozio\/wp-json\/wp\/v2\/types\/product"}],"wp:featuredmedia":[{"embeddable":true,"href":"https:\/\/tantemani.it\/negozio\/wp-json\/wp\/v2\/media\/22351"}],"wp:attachment":[{"href":"https:\/\/tantemani.it\/negozio\/wp-json\/wp\/v2\/media?parent=22347"}],"wp:term":[{"taxonomy":"product_cat","embeddable":true,"href":"https:\/\/tantemani.it\/negozio\/wp-json\/wp\/v2\/product_cat?post=22347"},{"taxonomy":"product_tag","embeddable":true,"href":"https:\/\/tantemani.it\/negozio\/wp-json\/wp\/v2\/product_tag?post=22347"}],"curies":[{"name":"wp","href":"https:\/\/api.w.org\/{rel}","templated":true}]}}